{"id":3586,"date":"2024-10-31T08:02:56","date_gmt":"2024-10-31T08:02:56","guid":{"rendered":"https:\/\/prizmatekstil.com\/tr\/?page_id=3586"},"modified":"2024-10-31T08:09:55","modified_gmt":"2024-10-31T08:09:55","slug":"bukle","status":"publish","type":"page","link":"https:\/\/prizmatekstil.com\/tr\/bukle\/","title":{"rendered":"bukle"},"content":{"rendered":"\t\t<div data-elementor-type=\"wp-page\" data-elementor-id=\"3586\" class=\"elementor elementor-3586\">\n\t\t\t\t<div class=\"elementor-element elementor-element-e144166 e-flex e-con-boxed e-con e-parent\" data-id=\"e144166\" data-element_type=\"container\">\n\t\t\t\t\t<div class=\"e-con-inner\">\n\t\t\t\t<div class=\"elementor-element elementor-element-7a4585e elementor-widget elementor-widget-spacer\" data-id=\"7a4585e\" data-element_type=\"widget\" data-widget_type=\"spacer.default\">\n\t\t\t\t<div class=\"elementor-widget-container\">\n\t\t\t\t\t\t\t<div class=\"elementor-spacer\">\n\t\t\t<div class=\"elementor-spacer-inner\"><\/div>\n\t\t<\/div>\n\t\t\t\t\t\t<\/div>\n\t\t\t\t<\/div>\n\t\t\t\t\t<\/div>\n\t\t\t\t<\/div>\n\t\t<div class=\"elementor-element elementor-element-6ee4aa5 e-flex e-con-boxed e-con e-parent\" data-id=\"6ee4aa5\" data-element_type=\"container\">\n\t\t\t\t\t<div class=\"e-con-inner\">\n\t\t\t\t<div class=\"elementor-element elementor-element-55d28d8 bdt-pagination-hide-yes bdt-carousel-style-carousel elementor-widget elementor-widget-prime-slider-tango\" data-id=\"55d28d8\" data-element_type=\"widget\" data-widget_type=\"prime-slider-tango.default\">\n\t\t\t\t<div class=\"elementor-widget-container\">\n\t\t\t\t\t\t\t<div class=\"bdt-prime-slider\">\n\t\t<div id=\"bdt-prime-slider-55d28d8\" class=\"bdt-prime-slider-tango elementor-swiper\" data-settings=\"{&quot;autoplay&quot;:{&quot;delay&quot;:5000},&quot;loop&quot;:true,&quot;speed&quot;:900,&quot;slidesPerView&quot;:1,&quot;slidesPerGroup&quot;:1,&quot;centeredSlides&quot;:true,&quot;effect&quot;:&quot;carousel&quot;,&quot;breakpoints&quot;:{&quot;768&quot;:{&quot;slidesPerView&quot;:2,&quot;spaceBetween&quot;:0,&quot;slidesPerGroup&quot;:1},&quot;1024&quot;:{&quot;slidesPerView&quot;:3,&quot;spaceBetween&quot;:29,&quot;slidesPerGroup&quot;:1}},&quot;navigation&quot;:{&quot;nextEl&quot;:&quot;#bdt-prime-slider-55d28d8 .bdt-navigation-next&quot;,&quot;prevEl&quot;:&quot;#bdt-prime-slider-55d28d8 .bdt-navigation-prev&quot;},&quot;pagination&quot;:{&quot;el&quot;:&quot;#bdt-prime-slider-55d28d8 .swiper-pagination&quot;,&quot;clickable&quot;:&quot;true&quot;},&quot;coverflowEffect&quot;:{&quot;rotate&quot;:0,&quot;stretch&quot;:180,&quot;depth&quot;:100,&quot;modifier&quot;:1,&quot;slideShadows&quot;:true}}\">\n\t\t\t<div class=\"swiper-tango swiper\" role=\"region\" aria-roledescription=\"carousel\" aria-label=\"Tango Slider\" dir=\"ltr\">\n\t\t\t\t<div class=\"swiper-wrapper\">\n\t\t\n            <div class=\"swiper-slide bdt-item\">\n\t\t\t\t<div class=\"bdt-image-wrap\">\n\t\t\t\t\t<img fetchpriority=\"high\" decoding=\"async\" width=\"2048\" height=\"2048\" src=\"https:\/\/prizmatekstil.com\/tr\/wp-content\/uploads\/2024\/10\/21.png\" class=\"bdt-img\" alt=\"Bukle\" srcset=\"https:\/\/prizmatekstil.com\/tr\/wp-content\/uploads\/2024\/10\/21.png 2048w, https:\/\/prizmatekstil.com\/tr\/wp-content\/uploads\/2024\/10\/21-300x300.png 300w, https:\/\/prizmatekstil.com\/tr\/wp-content\/uploads\/2024\/10\/21-1024x1024.png 1024w, https:\/\/prizmatekstil.com\/tr\/wp-content\/uploads\/2024\/10\/21-150x150.png 150w, https:\/\/prizmatekstil.com\/tr\/wp-content\/uploads\/2024\/10\/21-768x768.png 768w, https:\/\/prizmatekstil.com\/tr\/wp-content\/uploads\/2024\/10\/21-1536x1536.png 1536w\" sizes=\"(max-width: 2048px) 100vw, 2048px\" \/>\t\t\t\t<\/div>\n\t\t\t\t<div class=\"bdt-content-wrap\">\n\n\t\t\t\t\n\t\t\t\t\t\t\t\t\t\t\t<h3 class=\"bdt-title\" data-reveal=\"reveal-active\">\n\t\t\t\t\t\t\t\t\t\t\t\t\t\t\t<span class=\"frist-word\">Bukle<\/span> \t\t\t\t\t\t\t\t\t\t\t\t\t\t<\/h3>\n\t\t\t\t\t\t\t\t\t<\/div>\n\t\t\t\t\t\t\t<\/div>\n\n        \n            <div class=\"swiper-slide bdt-item\">\n\t\t\t\t<div class=\"bdt-image-wrap\">\n\t\t\t\t\t<img decoding=\"async\" width=\"2048\" height=\"2048\" src=\"https:\/\/prizmatekstil.com\/tr\/wp-content\/uploads\/2024\/10\/hazir3.png\" class=\"bdt-img\" alt=\"\u00d6zel Ebat\" srcset=\"https:\/\/prizmatekstil.com\/tr\/wp-content\/uploads\/2024\/10\/hazir3.png 2048w, https:\/\/prizmatekstil.com\/tr\/wp-content\/uploads\/2024\/10\/hazir3-300x300.png 300w, https:\/\/prizmatekstil.com\/tr\/wp-content\/uploads\/2024\/10\/hazir3-1024x1024.png 1024w, https:\/\/prizmatekstil.com\/tr\/wp-content\/uploads\/2024\/10\/hazir3-150x150.png 150w, https:\/\/prizmatekstil.com\/tr\/wp-content\/uploads\/2024\/10\/hazir3-768x768.png 768w, https:\/\/prizmatekstil.com\/tr\/wp-content\/uploads\/2024\/10\/hazir3-1536x1536.png 1536w\" sizes=\"(max-width: 2048px) 100vw, 2048px\" \/>\t\t\t\t<\/div>\n\t\t\t\t<div class=\"bdt-content-wrap\">\n\n\t\t\t\t\n\t\t\t\t\t\t\t\t\t\t\t<h3 class=\"bdt-title\" data-reveal=\"reveal-active\">\n\t\t\t\t\t\t\t\t\t\t\t\t\t\t\t<span class=\"frist-word\">\u00d6zel<\/span> Ebat\t\t\t\t\t\t\t\t\t\t\t\t\t\t<\/h3>\n\t\t\t\t\t\t\t\t\t<\/div>\n\t\t\t\t\t\t\t<\/div>\n\n        \n            <div class=\"swiper-slide bdt-item\">\n\t\t\t\t<div class=\"bdt-image-wrap\">\n\t\t\t\t\t<img decoding=\"async\" width=\"1500\" height=\"2000\" src=\"https:\/\/prizmatekstil.com\/tr\/wp-content\/uploads\/2024\/10\/krem3.jpg\" class=\"bdt-img\" alt=\"MakinedeY\u0131kanabilir\" srcset=\"https:\/\/prizmatekstil.com\/tr\/wp-content\/uploads\/2024\/10\/krem3.jpg 1500w, https:\/\/prizmatekstil.com\/tr\/wp-content\/uploads\/2024\/10\/krem3-225x300.jpg 225w, https:\/\/prizmatekstil.com\/tr\/wp-content\/uploads\/2024\/10\/krem3-768x1024.jpg 768w, https:\/\/prizmatekstil.com\/tr\/wp-content\/uploads\/2024\/10\/krem3-1152x1536.jpg 1152w\" sizes=\"(max-width: 1500px) 100vw, 1500px\" \/>\t\t\t\t<\/div>\n\t\t\t\t<div class=\"bdt-content-wrap\">\n\n\t\t\t\t\n\t\t\t\t\t\t\t\t\t\t\t<h3 class=\"bdt-title\" data-reveal=\"reveal-active\">\n\t\t\t\t\t\t\t\t\t\t\t\t\t\t\t<span class=\"frist-word\">MakinedeY\u0131kanabilir<\/span> \t\t\t\t\t\t\t\t\t\t\t\t\t\t<\/h3>\n\t\t\t\t\t\t\t\t\t<\/div>\n\t\t\t\t\t\t\t<\/div>\n\n        \n            <div class=\"swiper-slide bdt-item\">\n\t\t\t\t<div class=\"bdt-image-wrap\">\n\t\t\t\t\t<img loading=\"lazy\" decoding=\"async\" width=\"1500\" height=\"2000\" src=\"https:\/\/prizmatekstil.com\/tr\/wp-content\/uploads\/2024\/10\/gri4.jpg\" class=\"bdt-img\" alt=\"Kaymaz Taban\" srcset=\"https:\/\/prizmatekstil.com\/tr\/wp-content\/uploads\/2024\/10\/gri4.jpg 1500w, https:\/\/prizmatekstil.com\/tr\/wp-content\/uploads\/2024\/10\/gri4-225x300.jpg 225w, https:\/\/prizmatekstil.com\/tr\/wp-content\/uploads\/2024\/10\/gri4-768x1024.jpg 768w, https:\/\/prizmatekstil.com\/tr\/wp-content\/uploads\/2024\/10\/gri4-1152x1536.jpg 1152w\" sizes=\"(max-width: 1500px) 100vw, 1500px\" \/>\t\t\t\t<\/div>\n\t\t\t\t<div class=\"bdt-content-wrap\">\n\n\t\t\t\t\n\t\t\t\t\t\t\t\t\t\t\t<h3 class=\"bdt-title\" data-reveal=\"reveal-active\">\n\t\t\t\t\t\t\t\t\t\t\t\t\t\t\t<span class=\"frist-word\">Kaymaz<\/span> Taban\t\t\t\t\t\t\t\t\t\t\t\t\t\t<\/h3>\n\t\t\t\t\t\t\t\t\t<\/div>\n\t\t\t\t\t\t\t<\/div>\n\n        \t\t\t\t<\/div>\n\t\t\t<\/div>\n\t\t\t\n\t\t\t\t\t\t\t\t\t\n\t\t\t<div class=\"swiper-pagination reveal-muted\"><\/div>\n\t\t\t<!-- <div class=\"swiper-scrollbar\"><\/div> -->\n\t\t\t\n\t\t\t\t\t\t\t\t\n\t\t\t\t\t\t<div class=\"bdt-arrows-center bdt-navigation-arrows bdt-position-z-index reveal-muted\">\n\t\t\t\t<div class=\"bdt-navigation-prev bdt-slidenav\"><i class=\"ps-wi-arrow-left-5\"><\/i><\/div>\n\t\t\t\t<div class=\"bdt-navigation-next bdt-slidenav\"><i class=\"ps-wi-arrow-right-5\"><\/i><\/div>\n\t\t\t<\/div>\n\t\t\t\n\t\t\t\t<\/div>\n\t\t<\/div>\n\n\t\t\t\t\t\t<\/div>\n\t\t\t\t<\/div>\n\t\t\t\t<div class=\"elementor-element elementor-element-2d36082 elementor-widget-divider--view-line elementor-widget elementor-widget-divider\" data-id=\"2d36082\" data-element_type=\"widget\" data-widget_type=\"divider.default\">\n\t\t\t\t<div class=\"elementor-widget-container\">\n\t\t\t\t\t\t\t<div class=\"elementor-divider\">\n\t\t\t<span class=\"elementor-divider-separator\">\n\t\t\t\t\t\t<\/span>\n\t\t<\/div>\n\t\t\t\t\t\t<\/div>\n\t\t\t\t<\/div>\n\t\t\t\t\t<\/div>\n\t\t\t\t<\/div>\n\t\t<div class=\"elementor-element elementor-element-e779368 e-con-full e-flex e-con e-parent\" data-id=\"e779368\" data-element_type=\"container\">\n\t\t\t\t<div class=\"elementor-element elementor-element-d788025 elementor-widget elementor-widget-image\" data-id=\"d788025\" data-element_type=\"widget\" data-widget_type=\"image.default\">\n\t\t\t\t<div class=\"elementor-widget-container\">\n\t\t\t\t\t\t\t\t\t\t\t\t\t\t\t<img loading=\"lazy\" decoding=\"async\" width=\"1000\" height=\"300\" src=\"https:\/\/prizmatekstil.com\/tr\/wp-content\/uploads\/2024\/06\/ebatlar-tr.png\" class=\"attachment-full size-full wp-image-3267\" alt=\"\" srcset=\"https:\/\/prizmatekstil.com\/tr\/wp-content\/uploads\/2024\/06\/ebatlar-tr.png 1000w, https:\/\/prizmatekstil.com\/tr\/wp-content\/uploads\/2024\/06\/ebatlar-tr-300x90.png 300w, https:\/\/prizmatekstil.com\/tr\/wp-content\/uploads\/2024\/06\/ebatlar-tr-768x230.png 768w\" sizes=\"(max-width: 1000px) 100vw, 1000px\" \/>\t\t\t\t\t\t\t\t\t\t\t\t\t\t\t<\/div>\n\t\t\t\t<\/div>\n\t\t\t\t<\/div>\n\t\t<div class=\"elementor-element elementor-element-2ee5a4c e-flex e-con-boxed e-con e-parent\" data-id=\"2ee5a4c\" data-element_type=\"container\">\n\t\t\t\t\t<div class=\"e-con-inner\">\n\t\t\t\t<div class=\"elementor-element elementor-element-897a4e7 elementor-widget elementor-widget-spacer\" data-id=\"897a4e7\" data-element_type=\"widget\" data-widget_type=\"spacer.default\">\n\t\t\t\t<div class=\"elementor-widget-container\">\n\t\t\t\t\t\t\t<div class=\"elementor-spacer\">\n\t\t\t<div class=\"elementor-spacer-inner\"><\/div>\n\t\t<\/div>\n\t\t\t\t\t\t<\/div>\n\t\t\t\t<\/div>\n\t\t\t\t\t<\/div>\n\t\t\t\t<\/div>\n\t\t<div class=\"elementor-element elementor-element-ab38070 e-flex e-con-boxed e-con e-parent\" data-id=\"ab38070\" data-element_type=\"container\">\n\t\t\t\t\t<div class=\"e-con-inner\">\n\t\t\t\t<div class=\"elementor-element elementor-element-81c8394 elementor-widget elementor-widget-image-gallery\" data-id=\"81c8394\" data-element_type=\"widget\" data-widget_type=\"image-gallery.default\">\n\t\t\t\t<div class=\"elementor-widget-container\">\n\t\t\t\t\t\t\t<div class=\"elementor-image-gallery\">\n\t\t\t<div id='gallery-1' class='gallery galleryid-3586 gallery-columns-3 gallery-size-full'><figure class='gallery-item'>\n\t\t\t<div class='gallery-icon portrait'>\n\t\t\t\t<a data-elementor-open-lightbox=\"yes\" data-elementor-lightbox-slideshow=\"81c8394\" data-elementor-lightbox-title=\"krem-katalog\" data-e-action-hash=\"#elementor-action%3Aaction%3Dlightbox%26settings%3DeyJpZCI6MzU5NSwidXJsIjoiaHR0cHM6XC9cL3ByaXptYXRla3N0aWwuY29tXC90clwvd3AtY29udGVudFwvdXBsb2Fkc1wvMjAyNFwvMTBcL2tyZW0ta2F0YWxvZy5wbmciLCJzbGlkZXNob3ciOiI4MWM4Mzk0In0%3D\" href='https:\/\/prizmatekstil.com\/tr\/wp-content\/uploads\/2024\/10\/krem-katalog.png'><img loading=\"lazy\" decoding=\"async\" width=\"1500\" height=\"2000\" src=\"https:\/\/prizmatekstil.com\/tr\/wp-content\/uploads\/2024\/10\/krem-katalog.png\" class=\"attachment-full size-full\" alt=\"\" aria-describedby=\"gallery-1-3595\" srcset=\"https:\/\/prizmatekstil.com\/tr\/wp-content\/uploads\/2024\/10\/krem-katalog.png 1500w, https:\/\/prizmatekstil.com\/tr\/wp-content\/uploads\/2024\/10\/krem-katalog-225x300.png 225w, https:\/\/prizmatekstil.com\/tr\/wp-content\/uploads\/2024\/10\/krem-katalog-768x1024.png 768w, https:\/\/prizmatekstil.com\/tr\/wp-content\/uploads\/2024\/10\/krem-katalog-1152x1536.png 1152w\" sizes=\"(max-width: 1500px) 100vw, 1500px\" \/><\/a>\n\t\t\t<\/div>\n\t\t\t\t<figcaption class='wp-caption-text gallery-caption' id='gallery-1-3595'>\n\t\t\t\tKREM\n\t\t\t\t<\/figcaption><\/figure><figure class='gallery-item'>\n\t\t\t<div class='gallery-icon portrait'>\n\t\t\t\t<a data-elementor-open-lightbox=\"yes\" data-elementor-lightbox-slideshow=\"81c8394\" data-elementor-lightbox-title=\"grey-katalog\" data-e-action-hash=\"#elementor-action%3Aaction%3Dlightbox%26settings%3DeyJpZCI6MzU5NywidXJsIjoiaHR0cHM6XC9cL3ByaXptYXRla3N0aWwuY29tXC90clwvd3AtY29udGVudFwvdXBsb2Fkc1wvMjAyNFwvMTBcL2dyZXkta2F0YWxvZy5wbmciLCJzbGlkZXNob3ciOiI4MWM4Mzk0In0%3D\" href='https:\/\/prizmatekstil.com\/tr\/wp-content\/uploads\/2024\/10\/grey-katalog.png'><img loading=\"lazy\" decoding=\"async\" width=\"1500\" height=\"2000\" src=\"https:\/\/prizmatekstil.com\/tr\/wp-content\/uploads\/2024\/10\/grey-katalog.png\" class=\"attachment-full size-full\" alt=\"\" aria-describedby=\"gallery-1-3597\" srcset=\"https:\/\/prizmatekstil.com\/tr\/wp-content\/uploads\/2024\/10\/grey-katalog.png 1500w, https:\/\/prizmatekstil.com\/tr\/wp-content\/uploads\/2024\/10\/grey-katalog-225x300.png 225w, https:\/\/prizmatekstil.com\/tr\/wp-content\/uploads\/2024\/10\/grey-katalog-768x1024.png 768w, https:\/\/prizmatekstil.com\/tr\/wp-content\/uploads\/2024\/10\/grey-katalog-1152x1536.png 1152w\" sizes=\"(max-width: 1500px) 100vw, 1500px\" \/><\/a>\n\t\t\t<\/div>\n\t\t\t\t<figcaption class='wp-caption-text gallery-caption' id='gallery-1-3597'>\n\t\t\t\tGR\u0130\n\t\t\t\t<\/figcaption><\/figure><figure class='gallery-item'>\n\t\t\t<div class='gallery-icon portrait'>\n\t\t\t\t<a data-elementor-open-lightbox=\"yes\" data-elementor-lightbox-slideshow=\"81c8394\" data-elementor-lightbox-title=\"Bej-katalog\" data-e-action-hash=\"#elementor-action%3Aaction%3Dlightbox%26settings%3DeyJpZCI6MzU5NiwidXJsIjoiaHR0cHM6XC9cL3ByaXptYXRla3N0aWwuY29tXC90clwvd3AtY29udGVudFwvdXBsb2Fkc1wvMjAyNFwvMTBcL0Jlai1rYXRhbG9nLnBuZyIsInNsaWRlc2hvdyI6IjgxYzgzOTQifQ%3D%3D\" href='https:\/\/prizmatekstil.com\/tr\/wp-content\/uploads\/2024\/10\/Bej-katalog.png'><img loading=\"lazy\" decoding=\"async\" width=\"1500\" height=\"2000\" src=\"https:\/\/prizmatekstil.com\/tr\/wp-content\/uploads\/2024\/10\/Bej-katalog.png\" class=\"attachment-full size-full\" alt=\"\" aria-describedby=\"gallery-1-3596\" srcset=\"https:\/\/prizmatekstil.com\/tr\/wp-content\/uploads\/2024\/10\/Bej-katalog.png 1500w, https:\/\/prizmatekstil.com\/tr\/wp-content\/uploads\/2024\/10\/Bej-katalog-225x300.png 225w, https:\/\/prizmatekstil.com\/tr\/wp-content\/uploads\/2024\/10\/Bej-katalog-768x1024.png 768w, https:\/\/prizmatekstil.com\/tr\/wp-content\/uploads\/2024\/10\/Bej-katalog-1152x1536.png 1152w\" sizes=\"(max-width: 1500px) 100vw, 1500px\" \/><\/a>\n\t\t\t<\/div>\n\t\t\t\t<figcaption class='wp-caption-text gallery-caption' id='gallery-1-3596'>\n\t\t\t\tBEJ\n\t\t\t\t<\/figcaption><\/figure>\n\t\t<\/div>\n\t\t<\/div>\n\t\t\t\t\t\t<\/div>\n\t\t\t\t<\/div>\n\t\t\t\t\t<\/div>\n\t\t\t\t<\/div>\n\t\t\t\t<\/div>\n\t\t","protected":false},"excerpt":{"rendered":"<p>Bukle \u00d6zel Ebat MakinedeY\u0131kanabilir Kaymaz Taban KREM GR\u0130 BEJ<\/p>\n","protected":false},"author":1,"featured_media":0,"parent":0,"menu_order":0,"comment_status":"closed","ping_status":"closed","template":"elementor_header_footer","meta":{"_acf_changed":false,"pgc_sgb_lightbox_settings":"","footnotes":""},"acf":[],"yoast_head":"<!-- This site is optimized with the Yoast SEO plugin v24.5 - https:\/\/yoast.com\/wordpress\/plugins\/seo\/ -->\n<title>Bubble Carpet - Soft Plush Carpet<\/title>\n<meta name=\"description\" content=\"Soft Plush Bubble Carpet combines comfort and elegance in your home. Discover its elegant design and durable structure that fits every style.\" \/>\n<meta name=\"robots\" content=\"index, follow, max-snippet:-1, max-image-preview:large, max-video-preview:-1\" \/>\n<link rel=\"canonical\" href=\"https:\/\/prizmatekstil.com\/tr\/bukle\/\" \/>\n<meta property=\"og:locale\" content=\"tr_TR\" \/>\n<meta property=\"og:type\" content=\"article\" \/>\n<meta property=\"og:title\" content=\"Bubble Carpet - Soft Plush Carpet\" \/>\n<meta property=\"og:description\" content=\"Soft Plush Bubble Carpet combines comfort and elegance in your home. Discover its elegant design and durable structure that fits every style.\" \/>\n<meta property=\"og:url\" content=\"https:\/\/prizmatekstil.com\/tr\/bukle\/\" \/>\n<meta property=\"og:site_name\" content=\"Prizma Tekstil\" \/>\n<meta property=\"article:publisher\" content=\"https:\/\/www.facebook.com\/prizmatekstil\/?locale=tr_TR\" \/>\n<meta property=\"article:modified_time\" content=\"2024-10-31T08:09:55+00:00\" \/>\n<meta property=\"og:image\" content=\"https:\/\/prizmatekstil.com\/tr\/wp-content\/uploads\/2024\/10\/21.png\" \/>\n<meta name=\"twitter:card\" content=\"summary_large_image\" \/>\n<meta name=\"twitter:label1\" content=\"Tahmini okuma s\u00fcresi\" \/>\n\t<meta name=\"twitter:data1\" content=\"3 dakika\" \/>\n<script type=\"application\/ld+json\" class=\"yoast-schema-graph\">{\"@context\":\"https:\/\/schema.org\",\"@graph\":[{\"@type\":\"WebPage\",\"@id\":\"https:\/\/prizmatekstil.com\/tr\/bukle\/\",\"url\":\"https:\/\/prizmatekstil.com\/tr\/bukle\/\",\"name\":\"Bubble Carpet - Soft Plush Carpet\",\"isPartOf\":{\"@id\":\"https:\/\/prizmatekstil.com\/tr\/#website\"},\"primaryImageOfPage\":{\"@id\":\"https:\/\/prizmatekstil.com\/tr\/bukle\/#primaryimage\"},\"image\":{\"@id\":\"https:\/\/prizmatekstil.com\/tr\/bukle\/#primaryimage\"},\"thumbnailUrl\":\"https:\/\/prizmatekstil.com\/tr\/wp-content\/uploads\/2024\/10\/21.png\",\"datePublished\":\"2024-10-31T08:02:56+00:00\",\"dateModified\":\"2024-10-31T08:09:55+00:00\",\"description\":\"Soft Plush Bubble Carpet combines comfort and elegance in your home. Discover its elegant design and durable structure that fits every style.\",\"breadcrumb\":{\"@id\":\"https:\/\/prizmatekstil.com\/tr\/bukle\/#breadcrumb\"},\"inLanguage\":\"tr\",\"potentialAction\":[{\"@type\":\"ReadAction\",\"target\":[\"https:\/\/prizmatekstil.com\/tr\/bukle\/\"]}]},{\"@type\":\"ImageObject\",\"inLanguage\":\"tr\",\"@id\":\"https:\/\/prizmatekstil.com\/tr\/bukle\/#primaryimage\",\"url\":\"https:\/\/prizmatekstil.com\/tr\/wp-content\/uploads\/2024\/10\/21.png\",\"contentUrl\":\"https:\/\/prizmatekstil.com\/tr\/wp-content\/uploads\/2024\/10\/21.png\",\"width\":2048,\"height\":2048},{\"@type\":\"BreadcrumbList\",\"@id\":\"https:\/\/prizmatekstil.com\/tr\/bukle\/#breadcrumb\",\"itemListElement\":[{\"@type\":\"ListItem\",\"position\":1,\"name\":\"Anasayfa\",\"item\":\"https:\/\/prizmatekstil.com\/tr\/\"},{\"@type\":\"ListItem\",\"position\":2,\"name\":\"bukle\"}]},{\"@type\":\"WebSite\",\"@id\":\"https:\/\/prizmatekstil.com\/tr\/#website\",\"url\":\"https:\/\/prizmatekstil.com\/tr\/\",\"name\":\"Anti Slip Carpet\",\"description\":\"Lider Hal\u0131 &Uuml;reticisi\",\"publisher\":{\"@id\":\"https:\/\/prizmatekstil.com\/tr\/#organization\"},\"potentialAction\":[{\"@type\":\"SearchAction\",\"target\":{\"@type\":\"EntryPoint\",\"urlTemplate\":\"https:\/\/prizmatekstil.com\/tr\/?s={search_term_string}\"},\"query-input\":{\"@type\":\"PropertyValueSpecification\",\"valueRequired\":true,\"valueName\":\"search_term_string\"}}],\"inLanguage\":\"tr\"},{\"@type\":\"Organization\",\"@id\":\"https:\/\/prizmatekstil.com\/tr\/#organization\",\"name\":\"Anti Slip Carpet\",\"url\":\"https:\/\/prizmatekstil.com\/tr\/\",\"logo\":{\"@type\":\"ImageObject\",\"inLanguage\":\"tr\",\"@id\":\"https:\/\/prizmatekstil.com\/tr\/#\/schema\/logo\/image\/\",\"url\":\"http:\/\/prizmatekstil.com\/tr\/wp-content\/uploads\/2023\/11\/Logo-Prizma.png\",\"contentUrl\":\"http:\/\/prizmatekstil.com\/tr\/wp-content\/uploads\/2023\/11\/Logo-Prizma.png\",\"width\":477,\"height\":256,\"caption\":\"Anti Slip Carpet\"},\"image\":{\"@id\":\"https:\/\/prizmatekstil.com\/tr\/#\/schema\/logo\/image\/\"},\"sameAs\":[\"https:\/\/www.facebook.com\/prizmatekstil\/?locale=tr_TR\",\"https:\/\/www.instagram.com\/prizmahome\/?hl=tr\"]}]}<\/script>\n<!-- \/ Yoast SEO plugin. -->","yoast_head_json":{"title":"Bubble Carpet - Soft Plush Carpet","description":"Soft Plush Bubble Carpet combines comfort and elegance in your home. Discover its elegant design and durable structure that fits every style.","robots":{"index":"index","follow":"follow","max-snippet":"max-snippet:-1","max-image-preview":"max-image-preview:large","max-video-preview":"max-video-preview:-1"},"canonical":"https:\/\/prizmatekstil.com\/tr\/bukle\/","og_locale":"tr_TR","og_type":"article","og_title":"Bubble Carpet - Soft Plush Carpet","og_description":"Soft Plush Bubble Carpet combines comfort and elegance in your home. Discover its elegant design and durable structure that fits every style.","og_url":"https:\/\/prizmatekstil.com\/tr\/bukle\/","og_site_name":"Prizma Tekstil","article_publisher":"https:\/\/www.facebook.com\/prizmatekstil\/?locale=tr_TR","article_modified_time":"2024-10-31T08:09:55+00:00","og_image":[{"url":"https:\/\/prizmatekstil.com\/tr\/wp-content\/uploads\/2024\/10\/21.png","type":"","width":"","height":""}],"twitter_card":"summary_large_image","twitter_misc":{"Tahmini okuma s\u00fcresi":"3 dakika"},"schema":{"@context":"https:\/\/schema.org","@graph":[{"@type":"WebPage","@id":"https:\/\/prizmatekstil.com\/tr\/bukle\/","url":"https:\/\/prizmatekstil.com\/tr\/bukle\/","name":"Bubble Carpet - Soft Plush Carpet","isPartOf":{"@id":"https:\/\/prizmatekstil.com\/tr\/#website"},"primaryImageOfPage":{"@id":"https:\/\/prizmatekstil.com\/tr\/bukle\/#primaryimage"},"image":{"@id":"https:\/\/prizmatekstil.com\/tr\/bukle\/#primaryimage"},"thumbnailUrl":"https:\/\/prizmatekstil.com\/tr\/wp-content\/uploads\/2024\/10\/21.png","datePublished":"2024-10-31T08:02:56+00:00","dateModified":"2024-10-31T08:09:55+00:00","description":"Soft Plush Bubble Carpet combines comfort and elegance in your home. Discover its elegant design and durable structure that fits every style.","breadcrumb":{"@id":"https:\/\/prizmatekstil.com\/tr\/bukle\/#breadcrumb"},"inLanguage":"tr","potentialAction":[{"@type":"ReadAction","target":["https:\/\/prizmatekstil.com\/tr\/bukle\/"]}]},{"@type":"ImageObject","inLanguage":"tr","@id":"https:\/\/prizmatekstil.com\/tr\/bukle\/#primaryimage","url":"https:\/\/prizmatekstil.com\/tr\/wp-content\/uploads\/2024\/10\/21.png","contentUrl":"https:\/\/prizmatekstil.com\/tr\/wp-content\/uploads\/2024\/10\/21.png","width":2048,"height":2048},{"@type":"BreadcrumbList","@id":"https:\/\/prizmatekstil.com\/tr\/bukle\/#breadcrumb","itemListElement":[{"@type":"ListItem","position":1,"name":"Anasayfa","item":"https:\/\/prizmatekstil.com\/tr\/"},{"@type":"ListItem","position":2,"name":"bukle"}]},{"@type":"WebSite","@id":"https:\/\/prizmatekstil.com\/tr\/#website","url":"https:\/\/prizmatekstil.com\/tr\/","name":"Anti Slip Carpet","description":"Lider Hal\u0131 &Uuml;reticisi","publisher":{"@id":"https:\/\/prizmatekstil.com\/tr\/#organization"},"potentialAction":[{"@type":"SearchAction","target":{"@type":"EntryPoint","urlTemplate":"https:\/\/prizmatekstil.com\/tr\/?s={search_term_string}"},"query-input":{"@type":"PropertyValueSpecification","valueRequired":true,"valueName":"search_term_string"}}],"inLanguage":"tr"},{"@type":"Organization","@id":"https:\/\/prizmatekstil.com\/tr\/#organization","name":"Anti Slip Carpet","url":"https:\/\/prizmatekstil.com\/tr\/","logo":{"@type":"ImageObject","inLanguage":"tr","@id":"https:\/\/prizmatekstil.com\/tr\/#\/schema\/logo\/image\/","url":"http:\/\/prizmatekstil.com\/tr\/wp-content\/uploads\/2023\/11\/Logo-Prizma.png","contentUrl":"http:\/\/prizmatekstil.com\/tr\/wp-content\/uploads\/2023\/11\/Logo-Prizma.png","width":477,"height":256,"caption":"Anti Slip Carpet"},"image":{"@id":"https:\/\/prizmatekstil.com\/tr\/#\/schema\/logo\/image\/"},"sameAs":["https:\/\/www.facebook.com\/prizmatekstil\/?locale=tr_TR","https:\/\/www.instagram.com\/prizmahome\/?hl=tr"]}]}},"_links":{"self":[{"href":"https:\/\/prizmatekstil.com\/tr\/wp-json\/wp\/v2\/pages\/3586"}],"collection":[{"href":"https:\/\/prizmatekstil.com\/tr\/wp-json\/wp\/v2\/pages"}],"about":[{"href":"https:\/\/prizmatekstil.com\/tr\/wp-json\/wp\/v2\/types\/page"}],"author":[{"embeddable":true,"href":"https:\/\/prizmatekstil.com\/tr\/wp-json\/wp\/v2\/users\/1"}],"replies":[{"embeddable":true,"href":"https:\/\/prizmatekstil.com\/tr\/wp-json\/wp\/v2\/comments?post=3586"}],"version-history":[{"count":7,"href":"https:\/\/prizmatekstil.com\/tr\/wp-json\/wp\/v2\/pages\/3586\/revisions"}],"predecessor-version":[{"id":3600,"href":"https:\/\/prizmatekstil.com\/tr\/wp-json\/wp\/v2\/pages\/3586\/revisions\/3600"}],"wp:attachment":[{"href":"https:\/\/prizmatekstil.com\/tr\/wp-json\/wp\/v2\/media?parent=3586"}],"curies":[{"name":"wp","href":"https:\/\/api.w.org\/{rel}","templated":true}]}}